{"id":816,"date":"2020-06-25T20:27:20","date_gmt":"2020-06-25T23:27:20","guid":{"rendered":"https:\/\/eba.ufmg.br\/pos\/profartes\/?page_id=816"},"modified":"2022-10-03T09:47:52","modified_gmt":"2022-10-03T12:47:52","slug":"informes","status":"publish","type":"page","link":"https:\/\/profartes.eba.ufmg.br\/index.php\/informes\/","title":{"rendered":"Informes"},"content":{"rendered":"\n<p class=\"has-text-color has-medium-font-size\" style=\"color:#18dd39\">SELE\u00c7\u00c3O DE PROGRAMA DE P\u00d3S-GRADUA\u00c7\u00c3O (EM REDE)<\/p>\n\n\n\n<p>O Conselho Gestor do Mestrado Profissional em Artes (PROFARTES) em Rede Nacional, no exerc\u00edcio das suas atribui\u00e7\u00f5es definidas pelo Cap\u00edtulo V do Regimento PROFARTES, torna p\u00fablica a realiza\u00e7\u00e3o do Exame Nacional de Acesso. O Exame ser\u00e1 regido por este Edital e executado pelo Instituto de Artes da Universidade Federal de Uberl\u00e2ndia-UFU.<\/p>\n","protected":false},"excerpt":{"rendered":"<p>SELE\u00c7\u00c3O DE PROGRAMA DE P\u00d3S-GRADUA\u00c7\u00c3O (EM REDE) O Conselho Gestor do Mestrado Profissional em Artes (PROFARTES) em Rede Nacional, no exerc\u00edcio das suas atribui\u00e7\u00f5es definidas pelo Cap\u00edtulo V do Regimento PROFARTES, torna p\u00fablica a realiza\u00e7\u00e3o do Exame Nacional de Acesso. O Exame ser\u00e1 regido por este Edital e executado pelo Instituto de Artes da Universidade &hellip; <a href=\"https:\/\/profartes.eba.ufmg.br\/index.php\/informes\/\" class=\"more-link\">Continuar lendo <span class=\"screen-reader-text\">Informes<\/span><\/a><\/p>\n","protected":false},"author":3,"featured_media":0,"parent":0,"menu_order":0,"comment_status":"closed","ping_status":"closed","template":"","meta":{"_uag_custom_page_level_css":"","footnotes":""},"class_list":["post-816","page","type-page","status-publish","hentry"],"uagb_featured_image_src":{"full":false,"thumbnail":false,"medium":false,"medium_large":false,"large":false,"1536x1536":false,"2048x2048":false,"post-thumbnail":false},"uagb_author_info":{"display_name":"","author_link":"https:\/\/profartes.eba.ufmg.br\/index.php\/author\/"},"uagb_comment_info":0,"uagb_excerpt":"SELE\u00c7\u00c3O DE PROGRAMA DE P\u00d3S-GRADUA\u00c7\u00c3O (EM REDE) O Conselho Gestor do Mestrado Profissional em Artes (PROFARTES) em Rede Nacional, no exerc\u00edcio das suas atribui\u00e7\u00f5es definidas pelo Cap\u00edtulo V do Regimento PROFARTES, torna p\u00fablica a realiza\u00e7\u00e3o do Exame Nacional de Acesso. O Exame ser\u00e1 regido por este Edital e executado pelo Instituto de Artes da Universidade&hellip;","_links":{"self":[{"href":"https:\/\/profartes.eba.ufmg.br\/index.php\/wp-json\/wp\/v2\/pages\/816","targetHints":{"allow":["GET"]}}],"collection":[{"href":"https:\/\/profartes.eba.ufmg.br\/index.php\/wp-json\/wp\/v2\/pages"}],"about":[{"href":"https:\/\/profartes.eba.ufmg.br\/index.php\/wp-json\/wp\/v2\/types\/page"}],"author":[{"embeddable":true,"href":"https:\/\/profartes.eba.ufmg.br\/index.php\/wp-json\/wp\/v2\/users\/3"}],"replies":[{"embeddable":true,"href":"https:\/\/profartes.eba.ufmg.br\/index.php\/wp-json\/wp\/v2\/comments?post=816"}],"version-history":[{"count":2,"href":"https:\/\/profartes.eba.ufmg.br\/index.php\/wp-json\/wp\/v2\/pages\/816\/revisions"}],"predecessor-version":[{"id":1246,"href":"https:\/\/profartes.eba.ufmg.br\/index.php\/wp-json\/wp\/v2\/pages\/816\/revisions\/1246"}],"wp:attachment":[{"href":"https:\/\/profartes.eba.ufmg.br\/index.php\/wp-json\/wp\/v2\/media?parent=816"}],"curies":[{"name":"wp","href":"https:\/\/api.w.org\/{rel}","templated":true}]}}