{"id":778,"date":"2020-06-25T14:31:59","date_gmt":"2020-06-25T17:31:59","guid":{"rendered":"https:\/\/eba.ufmg.br\/pos\/profartes\/?page_id=778"},"modified":"2023-01-30T09:02:49","modified_gmt":"2023-01-30T12:02:49","slug":"contato","status":"publish","type":"page","link":"https:\/\/profartes.eba.ufmg.br\/index.php\/contato\/","title":{"rendered":"Contato de IES Associadas"},"content":{"rendered":"\n<p><strong>Universidade Federal de Uberl\u00e2ndia (UFU) &#8211;\u00a0<em>Coordena\u00e7\u00e3o Nacional do PROF-ARTES<\/em><\/strong><br>Av.\u00a0Jo\u00e3o Naves de \u00c1vila 2121- B. Santa M\u00f4nica, Bloco IV \u00a0<br>Uberl\u00e2ndia\/MG &#8211; CEP\u00a038408-100 \u00a0 \u00a0 \u00a0 \u00a0 \u00a0 \u00a0 \u00a0 \u00a0 \u00a0 \u00a0 \u00a0 \u00a0 \u00a0 \u00a0 \u00a0 \u00a0 \u00a0 \u00a0 \u00a0 \u00a0 \u00a0 \u00a0 \u00a0 \u00a0 \u00a0 \u00a0 \u00a0 \u00a0 \u00a0 \u00a0 \u00a0 \u00a0 \u00a0 \u00a0 \u00a0 \u00a0 \u00a0 \u00a0 \u00a0 \u00a0 \u00a0 \u00a0 \u00a0 \u00a0 \u00a0 \u00a0 \u00a0 \u00a0 \u00a0 <a rel=\"noreferrer noopener\" href=\"http:\/\/www.iarte.ufu.br\/mestrado-profissional-em-artes\" target=\"_blank\">http:\/\/www.iarte.ufu.br\/mestrado-profissional-em-artes<\/a>\u00a0 \u00a0 \u00a0 \u00a0 \u00a0 \u00a0 \u00a0 \u00a0 \u00a0 \u00a0 \u00a0 \u00a0 \u00a0 \u00a0 \u00a0 \u00a0 \u00a0\u00a0<br>E-mail:\u00a0mprofartes@iarte.ufu.br<br>Fone: +55 (34) 3230-9427<br>Coordena\u00e7\u00e3o: Prof\u00aa. Rosimeire Gon\u00e7alves dos Santos<br>Secretaria: Dallyana Florentina Belchior Silva<br><br><strong>Universidade do Estado de Santa Catarina (UDESC)<\/strong><br>Av. Madre Benvenuta, 1907 &#8211; Bairro Itacorubi<br>Florian\u00f3polis\/SC &#8211; CEP 88035-001<br><a rel=\"noreferrer noopener\" href=\"https:\/\/www.udesc.br\/ceart\/profartes\" target=\"_blank\">https:\/\/www.udesc.br\/ceart\/profartes<\/a><br>E-mail: profartes@udesc.br<br>Fones: (48) 3664-8370<br>Coordena\u00e7\u00e3o: Profa. Dra.<strong>\u00a0<\/strong>Maria Cristina da Rosa Fonseca da Silva<br><br><strong>Instituto Federal de Educa\u00e7\u00e3o, Ci\u00eancia e Tecnologia de Goi\u00e1s (IFG)<\/strong><br>Ger\u00eancia de Pesquisa e Extens\u00e3o do Campus Aparecida de Goi\u00e2nia \u2013 GEPEX<br>Av. Universit\u00e1ria Vereador Vagner da Silva Ferreira (antiga Rua Mucuri), Qd 1, Lt 1-A, Parque Itatiaia<br>Aparecida de Goi\u00e2nia\/GO &#8211; CEP 74968-755<br><a rel=\"noreferrer noopener\" href=\"http:\/\/www.ifg.edu.br\/profartes\" target=\"_blank\">http:\/\/www.ifg.edu.br\/profartes<\/a><br>E-mail: profartes@ifg.edu.br \/ secretaria.profartes@ifg.edu.br<br>Fone: (62) 3507-5950<br>Coordena\u00e7\u00e3o: Prof. Alexandre Jos\u00e9 Guimar\u00e3es<br>Secretaria: Liliane Dias Rocha Silva<br><br><strong>Universidade de Bras\u00edlia (UnB)<\/strong><br>Campus Darcy Ribeiro &#8211; Complexo das Artes C\u00eanicas \u2013 1\u00ba Andar, sala B1 44 &#8211; Asa Norte<br>Bras\u00edlia\/DF &#8211;\u00a0CEP 70910-900<br><a rel=\"noreferrer noopener\" href=\"http:\/\/www.ida.unb.br\/profartes\" target=\"_blank\">http:\/\/www.ida.unb.br\/profartes<\/a><br>E-mail: profartes@unb.br<br>Fone: (61) 3107-1064<br>Coordena\u00e7\u00e3o: Prof. Jonas Sales<br>Secretaria:\u00a0Francisco Roges<br><br><strong>Universidade Estadual Paulista (UNESP)<\/strong><br>Rua Dr. Bento Teobaldo Ferraz, 271 \u2013 Barra Funda<br>S\u00e3o Paulo\/SP &#8211; CEP\u00a001140-070<br><a rel=\"noreferrer noopener\" href=\"https:\/\/www.ia.unesp.br\/#!\/ensino\/pos-graduacao\/programas\/prof-artes\/\" target=\"_blank\">https:\/\/www.ia.unesp.br\/#!\/ensino\/pos-graduacao\/programas\/prof-artes\/<\/a><br>E-mail:\u00a0posgraduacao@ia.unesp.br<br>Fones: (11) 3393-8633 e (11) 3393-8632<br>Coordena\u00e7\u00e3o: Prof\u00aa. Rejane Galv\u00e3o Coutinho<br><br><strong>Universidade Federal do Amazonas (UFAM) \/ Universidade do Estado do Amazonas (UEA)<\/strong><br>Faculdade de Artes &#8211; FAARTES<br>Campus Universit\u00e1rio Senador Arthur Virg\u00edlio Filho, Setor Norte<br>Av. Gen. Rodrigo Oct\u00e1vio, 6.200, Bairro Coroado I<br>Manaus\/AM &#8211; CEP 69077-000<br><a rel=\"noreferrer noopener\" href=\"https:\/\/faartes.ufam.edu.br\/\" target=\"_blank\">https:\/\/faartes.ufam.edu.br\/<\/a><br>E-mail: profartes@ufam.edu.br<br>Fone Institucional: (92) 33051181, ramal 2320, 2323<br>Celular: (92) 99601-0361<br>Coordena\u00e7\u00e3o: profa Rosemara Staub de Barros<br><br><strong>Universidade Federal da Bahia (UFBA)<\/strong><br>Instituto de Humanidades Artes e Ci\u00eancias &#8211; IHAC<br>R. Bar\u00e3o de Jeremoabo, 147, Ondina<br>Salvador\/BA &#8211; CEP 41170-115<br><a rel=\"noreferrer noopener\" href=\"http:\/\/www.ihac.ufba.br\/\" target=\"_blank\">http:\/\/www.ihac.ufba.br\/<\/a><br>E-mail: profartes@ufba.br \/ profartes.ufba@gmail.com<br>Fone: +55 71 3283-6797<br>Coordena\u00e7\u00e3o: Prof. Paola Barreto Leblanc<br><br><strong>Universidade Federal do Cear\u00e1 (UFC)<\/strong><br>Instituto de Cultura e Arte (ICA)<br>Av. Mister Hull, s\/n &#8211; Campus do Pici<br>Fortaleza\/CE &#8211; CEP 60.440-554<br><a rel=\"noreferrer noopener\" href=\"https:\/\/ica.ufc.br\/pt\/\" target=\"_blank\">http:\/\/www.dcs.ufc.br\/<\/a><br>Email: profartes-ica@ufc.br<br>Fone: (85) 3366-9223<br>Coordena\u00e7\u00e3o: Prof. H\u00e9ctor Andr\u00e9s Briones V\u00e1squez<br>Vice-Coordenador: Profa. Adeline Stervinou (em Janeiro ser\u00e1 o prof. Gerardo Viana)<br><br><strong>Universidade Federal do Maranh\u00e3o (UFMA)<\/strong><br>Departamento de Artes<br>Av. dos Portugueses, 1966 &#8211;\u00a0Bacanga<br>S\u00e3o Lu\u00eds\/MA &#8211; CEP: 65.080-805<br><a rel=\"noreferrer noopener\" href=\"https:\/\/sigaa.ufma.br\/sigaa\/public\/programa\/apresentacao_stricto.jsf?lc=pt_BR&amp;idPrograma=1338\" target=\"_blank\">https:\/\/sigaa.ufma.br\/sigaa\/public\/programa\/apresentacao_stricto.jsf?lc=pt_BR&amp;idPrograma=1338<\/a><br>E-mail: sec.ppgartes@ufma.br<br>Fone: (98) 3272-8396 \/ 8397<br>Coordena\u00e7\u00e3o: Prof. Alberto Pedrosa Dantas Filho<br>Secretaria: Alex de Jesus Leite Pereira<br><br><strong>Universidade Federal de Minas Gerais (UFMG)<\/strong><br>Escola de Belas Artes (EBA)<br>Av. Presidente Ant\u00f4nio Carlos, 6627, Bairro Pampulha<br>Belo Horizonte\/MG &#8211; CEP 31270-901<br><a rel=\"noreferrer noopener\" href=\"https:\/\/profartes.eba.ufmg.br\/\" target=\"_blank\">https:\/\/profartes.eba.ufmg.br\/<\/a><br>E-mail: profartes@eba.ufmg.br<br>Fone: +55 31 3409-5260<br>Coordena\u00e7\u00e3o: Prof. Geraldo Freire Loyola<br>Subcoordena\u00e7\u00e3o: Prof\u00aa. Rosvita Kolb<br>Secretaria: Elza Maria Santos<em><br>Hor\u00e1rio de atendimento externo da secretaria: segunda a sexta das 12 \u00e0s 18 horas<\/em><br><br><strong>Universidade Federal do Mato Grosso do Sul (UFMS) \/ Universidade Estadual do Mato Grosso do Sul (UEMS)<\/strong><br>Faculdade de Artes, Letras e Comunica\u00e7\u00e3o (FAALC)<br>Av. Costa e Silva, s\/n\u00ba &#8211; Bairro Universit\u00e1rio<br>Campo Grande\/MS &#8211; CEP 79070-900<br><a rel=\"noreferrer noopener\" href=\"https:\/\/ppgartes.ufms.br\/\" target=\"_blank\">https:\/\/ppgartes.ufms.br\/<\/a><br>E-mail: profartes.faalc@ufms.br<br>Fone: (67) 3345-7605<br>Coordena\u00e7\u00e3o: Prof. Paulo Antonini<br><br><strong>Universidade Federal do Par\u00e1 (UFPA)<\/strong><br>Programa de P\u00f3s-Gradua\u00e7\u00e3o em Artes &#8211; PPGARTES\/ICA\/UFPA<br>Avenida Governador Magalh\u00e3es Barata, n.\u00ba 611<br>Bel\u00e9m\/PA &#8211; CEP\u00a066060-281<br><a rel=\"noreferrer noopener\" href=\"http:\/\/ppgartes.propesp.ufpa.br\/index.php\/br\/\" target=\"_blank\">http:\/\/ppgartes.propesp.ufpa.br\/index.php\/br\/<\/a><br>E-mail: profartes@ufpa.br<br>Fones: (91) 3249-2905 \/ (91) 3222-9140<br>Coordena\u00e7\u00e3o: Prof. \u00c1ureo Del Freitas<br>Secretaria: Prof. Dr. Augusto Menezes<br><br><strong>Universidade Federal da Para\u00edba (UFPB)<\/strong><br>Centro de Comunica\u00e7\u00e3o, Turismo e Artes &#8211; CCTA<br>Campus I, Cidade Universit\u00e1ria<br>Jo\u00e3o Pessoa\/PB &#8211; CEP 58051-900<br><a rel=\"noreferrer noopener\" href=\"http:\/\/www.ufpb.br\/pos\/profartes\" target=\"_blank\">www.ufpb.br\/pos\/profartes<\/a><br>E-mail: profartes@ccta.ufpb.br<br>Fone: (83) 3216 7920<br>Coordena\u00e7\u00e3o: Prof. Dr. Guilherme Barbosa Schulze<br>Secretaria: Bianca Leite Paiva<br><br><strong>Universidade Federal do Rio Grande do Norte (UFRN)<\/strong><br>Programa de P\u00f3s-Gradua\u00e7\u00e3o em Artes &#8211; Rede Nacional<br>Departamento de Artes\/UFRN<br>Av. Senador Salgado Filho, 3000, Campus Universit\u00e1rio, Bairro Lagoa Nova<br>Natal\/RN \u2013 CEP 59078-970<br><a rel=\"noreferrer noopener\" href=\"https:\/\/sigaa.ufrn.br\/sigaa\/public\/programa\/portal.jsf?id=8871\" target=\"_blank\">http:\/\/posgraduacao.ufrn.br\/profartes<\/a><br>E-mail: profartes.ufrn@gmail.com \/ sec.pos.artes.design@gmail.com<br>Fone: (84) 3342-2398 ramal 129<br>Coordena\u00e7\u00e3o: Arlete dos Santos Petry<br>Secretaria: Jorge Henrique Melo<br><br><strong>Universidade Regional do Cariri (URCA)<\/strong><br>Centro de Artes Reitora Maria Violeta Arraes de Alencar Gervaiseau<br>Av. Padre C\u00edcero, 1348, Bairro S\u00e3o Miguel<br>Crato\/CE &#8211; CEP 63122-445<br><a rel=\"noreferrer noopener\" href=\"http:\/\/www.urca.br\/pmartes\/\" target=\"_blank\">http:\/\/www.urca.br\/pmartes\/<\/a><br>E-mail: profartes@urca.br<br>Coordenador: Prof. Dr. F\u00e1bio Jos\u00e9 Rodrigues da Costa<\/p>\n","protected":false},"excerpt":{"rendered":"<p>Universidade Federal de Uberl\u00e2ndia (UFU) &#8211;\u00a0Coordena\u00e7\u00e3o Nacional do PROF-ARTESAv.\u00a0Jo\u00e3o Naves de \u00c1vila 2121- B. Santa M\u00f4nica, Bloco IV \u00a0Uberl\u00e2ndia\/MG &#8211; CEP\u00a038408-100 \u00a0 \u00a0 \u00a0 \u00a0 \u00a0 \u00a0 \u00a0 \u00a0 \u00a0 \u00a0 \u00a0 \u00a0 \u00a0 \u00a0 \u00a0 \u00a0 \u00a0 \u00a0 \u00a0 \u00a0 \u00a0 \u00a0 \u00a0 \u00a0 \u00a0 \u00a0 \u00a0 \u00a0 \u00a0 \u00a0 \u00a0 \u00a0 \u00a0 \u00a0 &hellip; <a href=\"https:\/\/profartes.eba.ufmg.br\/index.php\/contato\/\" class=\"more-link\">Continuar lendo <span class=\"screen-reader-text\">Contato de IES Associadas<\/span><\/a><\/p>\n","protected":false},"author":3,"featured_media":0,"parent":0,"menu_order":0,"comment_status":"closed","ping_status":"closed","template":"","meta":{"_uag_custom_page_level_css":"","footnotes":""},"class_list":["post-778","page","type-page","status-publish","hentry"],"uagb_featured_image_src":{"full":false,"thumbnail":false,"medium":false,"medium_large":false,"large":false,"1536x1536":false,"2048x2048":false,"post-thumbnail":false},"uagb_author_info":{"display_name":"","author_link":"https:\/\/profartes.eba.ufmg.br\/index.php\/author\/"},"uagb_comment_info":0,"uagb_excerpt":"Universidade Federal de Uberl\u00e2ndia (UFU) &#8211;\u00a0Coordena\u00e7\u00e3o Nacional do PROF-ARTESAv.\u00a0Jo\u00e3o Naves de \u00c1vila 2121- B. Santa M\u00f4nica, Bloco IV \u00a0Uberl\u00e2ndia\/MG &#8211; CEP\u00a038408-100 \u00a0 \u00a0 \u00a0 \u00a0 \u00a0 \u00a0 \u00a0 \u00a0 \u00a0 \u00a0 \u00a0 \u00a0 \u00a0 \u00a0 \u00a0 \u00a0 \u00a0 \u00a0 \u00a0 \u00a0 \u00a0 \u00a0 \u00a0 \u00a0 \u00a0 \u00a0 \u00a0 \u00a0 \u00a0 \u00a0 \u00a0 \u00a0 \u00a0 \u00a0&hellip;","_links":{"self":[{"href":"https:\/\/profartes.eba.ufmg.br\/index.php\/wp-json\/wp\/v2\/pages\/778","targetHints":{"allow":["GET"]}}],"collection":[{"href":"https:\/\/profartes.eba.ufmg.br\/index.php\/wp-json\/wp\/v2\/pages"}],"about":[{"href":"https:\/\/profartes.eba.ufmg.br\/index.php\/wp-json\/wp\/v2\/types\/page"}],"author":[{"embeddable":true,"href":"https:\/\/profartes.eba.ufmg.br\/index.php\/wp-json\/wp\/v2\/users\/3"}],"replies":[{"embeddable":true,"href":"https:\/\/profartes.eba.ufmg.br\/index.php\/wp-json\/wp\/v2\/comments?post=778"}],"version-history":[{"count":10,"href":"https:\/\/profartes.eba.ufmg.br\/index.php\/wp-json\/wp\/v2\/pages\/778\/revisions"}],"predecessor-version":[{"id":1316,"href":"https:\/\/profartes.eba.ufmg.br\/index.php\/wp-json\/wp\/v2\/pages\/778\/revisions\/1316"}],"wp:attachment":[{"href":"https:\/\/profartes.eba.ufmg.br\/index.php\/wp-json\/wp\/v2\/media?parent=778"}],"curies":[{"name":"wp","href":"https:\/\/api.w.org\/{rel}","templated":true}]}}