{"id":739,"date":"2020-06-25T13:02:49","date_gmt":"2020-06-25T16:02:49","guid":{"rendered":"https:\/\/eba.ufmg.br\/pos\/profartes\/?page_id=739"},"modified":"2024-08-26T08:15:47","modified_gmt":"2024-08-26T11:15:47","slug":"credenciamento-e-recredenciamento","status":"publish","type":"page","link":"https:\/\/profartes.eba.ufmg.br\/index.php\/credenciamento-e-recredenciamento\/","title":{"rendered":"Credenciamento e recredenciamento Docente"},"content":{"rendered":"\n<p>DOS REQUISITOS<\/p>\n\n\n\n<p>4.1 Para o credenciamento de docente no PROFARTES, os\/as candidatos\/as devem atender aos seguintes requisitos, considerando-se o per\u00edodo avaliado de 04 (quatro) anos,<\/p>\n\n\n\n<p>Ter pelo menos 2 (duas) orienta\u00e7\u00f5es conclu\u00eddas em uma ou mais das seguintes modalidades nos \u00faltimos 4 (quatro) anos: Inicia\u00e7\u00e3o Cient\u00edfica, Inicia\u00e7\u00e3o a doc\u00eancia, Est\u00e1gios, Monitoria, Extens\u00e3o;<\/p>\n\n\n\n<p>Ter pelo menos 4 (quatro) orienta\u00e7\u00f5es conclu\u00eddas em uma ou mais das seguintes modalidades nos \u00faltimos 4 (quatro): Trabalho de Conclus\u00e3o de Curso, Especializa\u00e7\u00e3o Lato Sensu, Disserta\u00e7\u00e3o de Mestrado, Tese de Doutorado;<\/p>\n\n\n\n<p>Apresentar comprova\u00e7\u00e3o de v\u00ednculo com grupo de pesquisa registrado no CNPq;<\/p>\n\n\n\n<p>Desenvolver atividades de ensino;<\/p>\n\n\n\n<p>Apresentar projeto de pesquisa coerente com a linha de pesquisa pretendida;<\/p>\n\n\n\n<p>Apresentar proposta de disciplina para o Prof-Artes;<\/p>\n\n\n\n<p>Apresentar Curr\u00edculo Lattes atualizado, no qual constem 4 (quatro) produ\u00e7\u00f5esqualificadas nos \u00faltimos 4 (quatro) anos, com a indica\u00e7\u00e3o do extrato qualis da referida produ\u00e7\u00e3o, quando couber, podendo ser:<\/p>\n\n\n\n<p>a) &nbsp;Artigo original publicado em peri\u00f3dico qualificado como \u2265 estrato B4,segundo os crit\u00e9rios de qualifica\u00e7\u00e3o da CAPES da \u00e1rea de Artes, vigentes nomomento;<\/p>\n\n\n\n<p>b) &nbsp;Livro e\/ou cap\u00edtulo de Livro qualificados como L1 ou L2, segundo oscrit\u00e9rios de qualifica\u00e7\u00e3o da CAPES da \u00e1rea de Artes, vigentes no momento;<\/p>\n\n\n\n<p>c) &nbsp;Produ\u00e7\u00e3o art\u00edstica qualificada como \u2265 estrato B4, segundo os crit\u00e9rios dequalifica\u00e7\u00e3o da CAPES da \u00e1rea de Artes, vigentes no momento;<\/p>\n\n\n\n<p>d) &nbsp;Participa\u00e7\u00e3o e\/ou Organiza\u00e7\u00e3o e Promo\u00e7\u00e3o de Evento Acad\u00eamico, Cient\u00edfico ou Art\u00edstico Nacional e\/ou Internacional, qualificado como EV1 ou EV2, segundo os crit\u00e9rios de qualifica\u00e7\u00e3o da CAPES da \u00e1rea de Artes, vigentes nomomento;<\/p>\n\n\n\n<p>e) &nbsp;Participa\u00e7\u00e3o em Comiss\u00f5es\/Consultorias e Conselhos Editoriais\/Comiss\u00e3ode Avalia\u00e7\u00e3o Cient\u00edfica nacional e internacional na \u00e1rea de Artes;<\/p>\n\n\n\n<p>f) &nbsp;Recebimento de pr\u00eamio e honrarias nacionais e internacionais na \u00e1rea deArtes;<\/p>\n\n\n\n<p>g) &nbsp;Capta\u00e7\u00e3o de financiamentos e dota\u00e7\u00f5es nacionais e internacionais para projetos vinculados a Projetos de Pesquisa da \u00e1rea de Artes;<\/p>\n\n\n\n<p>h) \u00a0Participa\u00e7\u00e3o em interc\u00e2mbios e conv\u00eanios de coopera\u00e7\u00e3o internacional que estejam ativos e se caracterizam por reciprocidade entre as institui\u00e7\u00f5es brasileiras e as cong\u00eaneres estrangeiras de reconhecimento internacional na \u00e1rea de Artes;<\/p>\n\n\n\n<div class=\"wp-block-file\"><a id=\"wp-block-file--media-28c4885b-5ec9-4a92-a37f-43b8b37d4653\" href=\"https:\/\/profartes.eba.ufmg.br\/wp-content\/uploads\/2024\/08\/Acordo-Formal-Credenciamento-de-Docente-Externo.docx\">Modelo de Acordo Formal<\/a><a href=\"https:\/\/profartes.eba.ufmg.br\/wp-content\/uploads\/2024\/08\/Acordo-Formal-Credenciamento-de-Docente-Externo.docx\" class=\"wp-block-file__button wp-element-button\" download aria-describedby=\"wp-block-file--media-28c4885b-5ec9-4a92-a37f-43b8b37d4653\">Baixar<\/a><\/div>\n\n\n\n<p><a rel=\"noreferrer noopener\" href=\"https:\/\/profartes.eba.ufmg.br\/wp-content\/uploads\/2022\/09\/Resoluc\u0327a\u0303o-001-2021-Prof-Artes-Credenciamento-Rev-20-08-2021-1.pdf\" target=\"_blank\">Resolu\u00e7\u00e3o n\u00ba 01\/2021, de 20 de agosto de 2021<\/a> &#8211; Crit\u00e9rios de credenciamento e recredenciamento de docentes no Prof-Artes<\/p>\n","protected":false},"excerpt":{"rendered":"<p>DOS REQUISITOS 4.1 Para o credenciamento de docente no PROFARTES, os\/as candidatos\/as devem atender aos seguintes requisitos, considerando-se o per\u00edodo avaliado de 04 (quatro) anos, Ter pelo menos 2 (duas) orienta\u00e7\u00f5es conclu\u00eddas em uma ou mais das seguintes modalidades nos \u00faltimos 4 (quatro) anos: Inicia\u00e7\u00e3o Cient\u00edfica, Inicia\u00e7\u00e3o a doc\u00eancia, Est\u00e1gios, Monitoria, Extens\u00e3o; Ter pelo menos &hellip; <a href=\"https:\/\/profartes.eba.ufmg.br\/index.php\/credenciamento-e-recredenciamento\/\" class=\"more-link\">Continuar lendo <span class=\"screen-reader-text\">Credenciamento e recredenciamento Docente<\/span><\/a><\/p>\n","protected":false},"author":3,"featured_media":0,"parent":0,"menu_order":0,"comment_status":"closed","ping_status":"closed","template":"","meta":{"_uag_custom_page_level_css":"","footnotes":""},"class_list":["post-739","page","type-page","status-publish","hentry"],"uagb_featured_image_src":{"full":false,"thumbnail":false,"medium":false,"medium_large":false,"large":false,"1536x1536":false,"2048x2048":false,"post-thumbnail":false},"uagb_author_info":{"display_name":"","author_link":"https:\/\/profartes.eba.ufmg.br\/index.php\/author\/"},"uagb_comment_info":0,"uagb_excerpt":"DOS REQUISITOS 4.1 Para o credenciamento de docente no PROFARTES, os\/as candidatos\/as devem atender aos seguintes requisitos, considerando-se o per\u00edodo avaliado de 04 (quatro) anos, Ter pelo menos 2 (duas) orienta\u00e7\u00f5es conclu\u00eddas em uma ou mais das seguintes modalidades nos \u00faltimos 4 (quatro) anos: Inicia\u00e7\u00e3o Cient\u00edfica, Inicia\u00e7\u00e3o a doc\u00eancia, Est\u00e1gios, Monitoria, Extens\u00e3o; Ter pelo menos&hellip;","_links":{"self":[{"href":"https:\/\/profartes.eba.ufmg.br\/index.php\/wp-json\/wp\/v2\/pages\/739","targetHints":{"allow":["GET"]}}],"collection":[{"href":"https:\/\/profartes.eba.ufmg.br\/index.php\/wp-json\/wp\/v2\/pages"}],"about":[{"href":"https:\/\/profartes.eba.ufmg.br\/index.php\/wp-json\/wp\/v2\/types\/page"}],"author":[{"embeddable":true,"href":"https:\/\/profartes.eba.ufmg.br\/index.php\/wp-json\/wp\/v2\/users\/3"}],"replies":[{"embeddable":true,"href":"https:\/\/profartes.eba.ufmg.br\/index.php\/wp-json\/wp\/v2\/comments?post=739"}],"version-history":[{"count":10,"href":"https:\/\/profartes.eba.ufmg.br\/index.php\/wp-json\/wp\/v2\/pages\/739\/revisions"}],"predecessor-version":[{"id":1456,"href":"https:\/\/profartes.eba.ufmg.br\/index.php\/wp-json\/wp\/v2\/pages\/739\/revisions\/1456"}],"wp:attachment":[{"href":"https:\/\/profartes.eba.ufmg.br\/index.php\/wp-json\/wp\/v2\/media?parent=739"}],"curies":[{"name":"wp","href":"https:\/\/api.w.org\/{rel}","templated":true}]}}