{"id":295,"date":"2017-05-11T13:39:10","date_gmt":"2017-05-11T16:39:10","guid":{"rendered":"https:\/\/eba.ufmg.br\/pos\/profartes\/?page_id=295"},"modified":"2020-06-30T09:22:14","modified_gmt":"2020-06-30T12:22:14","slug":"linhas-de-pesquisaatuacao","status":"publish","type":"page","link":"https:\/\/profartes.eba.ufmg.br\/index.php\/linhas-de-pesquisaatuacao\/","title":{"rendered":"\u00c1rea de Concentra\u00e7\u00e3o e Linhas de Pesquisa"},"content":{"rendered":"<h4 style=\"text-align: center;\"><strong>\u00c1rea de Concentra\u00e7\u00e3o<\/strong><\/h4>\n<p style=\"text-align: center;\">Ensino de Artes<\/p>\n<p>Na forma\u00e7\u00e3o do professor que atua na Educa\u00e7\u00e3o B\u00e1sica \u00e9 indispens\u00e1vel o aprofundamento do seu conhecimento nos estudos voltados para os procedimentos te\u00f3ricos e metodol\u00f3gicos relativos ao ensino, media\u00e7\u00e3o e aprendizagem em artes, o que lhe possibilitar\u00e1 uma posi\u00e7\u00e3o madura intelectualmente, permitindo-lhe posicionar-se frente \u00e0 realidade cultural do aluno, mediante suas pr\u00f3prias experi\u00eancias art\u00edsticas e est\u00e9ticas, bem como em rela\u00e7\u00e3o ao contexto s\u00f3cio-cultural em que est\u00e1 inserido. Envolvendo pesquisas em diferentes procedimentos e metodologias do ensino art\u00edstico, a \u00e1rea de concentra\u00e7\u00e3o Ensino de Artes prop\u00f5e reunir linhas de pesquisa\/atua\u00e7\u00e3o articuladas aos saberes, processos e pr\u00e1ticas pedag\u00f3gicas no ensino m\u00e9dio e fundamental, permeando estudos em diferentes concep\u00e7\u00f5es, sejam pr\u00e1ticas, sejam te\u00f3ricas, formais ou n\u00e3o formais.<\/p>\n<h4 style=\"text-align: center;\"><em><strong>Linha de pesquisa<\/strong><\/em><\/h4>\n<p style=\"text-align: center;\">Processos de ensino, aprendizagem e cria\u00e7\u00e3o em artes<\/p>\n<div class=\"page\" title=\"Page 4\">\n<div class=\"section\">\n<div class=\"layoutArea\">\n<div class=\"column\">\n<p>Esta linha investiga os processos de ensino, aprendizagem e criac\u0327a\u0303o em artes, relacionando as pra\u0301ticas formativas e suas conexo\u0303es com as linguagens arti\u0301sticas das Artes Visuais, da Danc\u0327a, da Mu\u0301sica, do Teatro, ale\u0301m de seus desdobramentos midia\u0301ticos. Concentram-se nessa linha estudos que aproximam as pra\u0301ticas arti\u0301sticas e os processos de ensino.<\/p>\n<\/div>\n<\/div>\n<\/div>\n<\/div>\n<h4 style=\"text-align: center;\"><strong>Linha de pesquisa<\/strong><\/h4>\n<p style=\"text-align: center;\">Abordagens te\u00f3rico-metodol\u00f3gicas das pr\u00e1ticas docentes<\/p>\n<div class=\"page\" title=\"Page 4\">\n<div class=\"section\">\n<div class=\"layoutArea\">\n<div class=\"column\">\n<p>Esta linha volta-se para as relac\u0327o\u0303es entre as abordagens teo\u0301ricas e metodolo\u0301gicas relativas ao ensino das Artes Visuais, da Danc\u0327a, da Mu\u0301sica, do Teatro, ale\u0301m de seus desdobramentos midia\u0301ticos. Concentram-se nessa linha estudos dedicados ao recorte metodolo\u0301gico e experimental das pra\u0301ticas em sala de aula.<\/p>\n<\/div>\n<\/div>\n<\/div>\n<\/div>\n","protected":false},"excerpt":{"rendered":"<p>\u00c1rea de Concentra\u00e7\u00e3o Ensino de Artes Na forma\u00e7\u00e3o do professor que atua na Educa\u00e7\u00e3o B\u00e1sica \u00e9 indispens\u00e1vel o aprofundamento do seu conhecimento nos estudos voltados para os procedimentos te\u00f3ricos e metodol\u00f3gicos relativos ao ensino, media\u00e7\u00e3o e aprendizagem em artes, o que lhe possibilitar\u00e1 uma posi\u00e7\u00e3o madura intelectualmente, permitindo-lhe posicionar-se frente \u00e0 realidade cultural do aluno, &hellip; <a href=\"https:\/\/profartes.eba.ufmg.br\/index.php\/linhas-de-pesquisaatuacao\/\" class=\"more-link\">Continuar lendo <span class=\"screen-reader-text\">\u00c1rea de Concentra\u00e7\u00e3o e Linhas de Pesquisa<\/span><\/a><\/p>\n","protected":false},"author":3,"featured_media":0,"parent":0,"menu_order":0,"comment_status":"closed","ping_status":"closed","template":"","meta":{"_uag_custom_page_level_css":"","footnotes":""},"class_list":["post-295","page","type-page","status-publish","hentry"],"uagb_featured_image_src":{"full":false,"thumbnail":false,"medium":false,"medium_large":false,"large":false,"1536x1536":false,"2048x2048":false,"post-thumbnail":false},"uagb_author_info":{"display_name":"","author_link":"https:\/\/profartes.eba.ufmg.br\/index.php\/author\/"},"uagb_comment_info":0,"uagb_excerpt":"\u00c1rea de Concentra\u00e7\u00e3o Ensino de Artes Na forma\u00e7\u00e3o do professor que atua na Educa\u00e7\u00e3o B\u00e1sica \u00e9 indispens\u00e1vel o aprofundamento do seu conhecimento nos estudos voltados para os procedimentos te\u00f3ricos e metodol\u00f3gicos relativos ao ensino, media\u00e7\u00e3o e aprendizagem em artes, o que lhe possibilitar\u00e1 uma posi\u00e7\u00e3o madura intelectualmente, permitindo-lhe posicionar-se frente \u00e0 realidade cultural do aluno,&hellip;","_links":{"self":[{"href":"https:\/\/profartes.eba.ufmg.br\/index.php\/wp-json\/wp\/v2\/pages\/295","targetHints":{"allow":["GET"]}}],"collection":[{"href":"https:\/\/profartes.eba.ufmg.br\/index.php\/wp-json\/wp\/v2\/pages"}],"about":[{"href":"https:\/\/profartes.eba.ufmg.br\/index.php\/wp-json\/wp\/v2\/types\/page"}],"author":[{"embeddable":true,"href":"https:\/\/profartes.eba.ufmg.br\/index.php\/wp-json\/wp\/v2\/users\/3"}],"replies":[{"embeddable":true,"href":"https:\/\/profartes.eba.ufmg.br\/index.php\/wp-json\/wp\/v2\/comments?post=295"}],"version-history":[{"count":7,"href":"https:\/\/profartes.eba.ufmg.br\/index.php\/wp-json\/wp\/v2\/pages\/295\/revisions"}],"predecessor-version":[{"id":844,"href":"https:\/\/profartes.eba.ufmg.br\/index.php\/wp-json\/wp\/v2\/pages\/295\/revisions\/844"}],"wp:attachment":[{"href":"https:\/\/profartes.eba.ufmg.br\/index.php\/wp-json\/wp\/v2\/media?parent=295"}],"curies":[{"name":"wp","href":"https:\/\/api.w.org\/{rel}","templated":true}]}}