{"id":1603,"date":"2025-07-11T15:18:35","date_gmt":"2025-07-11T18:18:35","guid":{"rendered":"https:\/\/profartes.eba.ufmg.br\/?page_id=1603"},"modified":"2025-07-11T15:18:35","modified_gmt":"2025-07-11T18:18:35","slug":"formularios","status":"publish","type":"page","link":"https:\/\/profartes.eba.ufmg.br\/index.php\/formularios\/","title":{"rendered":"Formul\u00e1rios"},"content":{"rendered":"\n<h4 class=\"wp-block-heading\"><\/h4>\n\n\n\n<ul class=\"wp-block-list\">\n<li><a href=\"https:\/\/profartes.eba.ufmg.br\/wp-content\/uploads\/2020\/08\/Formul_rio_de_Solicita__o_de_Defesa.pdf\" target=\"_blank\" rel=\"noreferrer noopener\">Solicita\u00e7\u00e3o de Defesa;<\/a><\/li>\n\n\n\n<li><a href=\"https:\/\/profartes.eba.ufmg.br\/wp-content\/uploads\/2020\/08\/solicitacao_exame_de_qualificacao-profartes.pdf\" target=\"_blank\" rel=\"noreferrer noopener\">Solicita\u00e7\u00e3o de Exame de Qualifica\u00e7\u00e3o;<\/a><\/li>\n\n\n\n<li><a href=\"https:\/\/profartes.eba.ufmg.br\/wp-content\/uploads\/2018\/10\/Form-Aproveitamento-Prof-Artes.pdf\">Aproveitamento de Cr\u00e9ditos;<\/a><\/li>\n\n\n\n<li><a href=\"https:\/\/profartes.eba.ufmg.br\/wp-content\/uploads\/2020\/08\/Requerimento-de-Acerto-de-matricula-profartes.pdf\" target=\"_blank\" rel=\"noreferrer noopener\">Acerto de Matr\u00edcula;<\/a><\/li>\n\n\n\n<li><a href=\"https:\/\/profartes.eba.ufmg.br\/wp-content\/uploads\/2020\/08\/termo-autorizacao-relativo-ao-deposito-e-disponibilizacao-de-trabalhos-academicos-no-RI-UFMG.pdf\" target=\"_blank\" rel=\"noreferrer noopener\">Termo de autoriza\u00e7\u00e3o &#8211; dep\u00f3sito e disponibiliza\u00e7\u00e3o de trabalhos acad\u00eamicos no RI-UFMG;<\/a><\/li>\n\n\n\n<li><a href=\"https:\/\/profartes.eba.ufmg.br\/wp-content\/uploads\/2020\/08\/Microsoft-Word-form-1_Tranc-PARCIAL.doc.pdf\" target=\"_blank\" rel=\"noreferrer noopener\">Solicita\u00e7\u00e3o de trancamento parcial<\/a>;<\/li>\n\n\n\n<li><a href=\"https:\/\/profartes.eba.ufmg.br\/wp-content\/uploads\/2020\/08\/Microsoft-Word-form-2_Tranc-TOTAL.doc.pdf\" target=\"_blank\" rel=\"noreferrer noopener\">Solicita\u00e7\u00e3o de trancamento total<\/a>;<\/li>\n\n\n\n<li><a href=\"https:\/\/profartes.eba.ufmg.br\/wp-content\/uploads\/2020\/08\/Solicita__o_de_Prorroga__o_de_Prazo_de_Defesa_UDESC.pdf\" target=\"_blank\" rel=\"noreferrer noopener\">Solicita\u00e7\u00e3o de prorroga\u00e7\u00e3o de prazo de defesa<\/a>;<\/li>\n\n\n\n<li><a href=\"https:\/\/profartes.eba.ufmg.br\/wp-content\/uploads\/2020\/08\/prorrogacao_de_prazo_de_qualificacao_-formulario.pdf\" target=\"_blank\" rel=\"noreferrer noopener\">Solicita\u00e7\u00e3o de prorroga\u00e7\u00e3o de prazo qualifica\u00e7\u00e3o<\/a>;<\/li>\n\n\n\n<li><a href=\"https:\/\/profartes.eba.ufmg.br\/wp-content\/uploads\/2020\/08\/Requerimento-para-inclusao-nome-social.doc.pdf\" target=\"_blank\" rel=\"noreferrer noopener\">Requerimento para inclus\u00e3o de nome social<\/a>;<\/li>\n\n\n\n<li><a href=\"https:\/\/profartes.eba.ufmg.br\/wp-content\/uploads\/2020\/08\/Microsoft-Word-form-032_Req-MATRICULA-POS_BD.doc.pdf\" target=\"_blank\" rel=\"noreferrer noopener\">Requerimento de matr\u00edcula p\u00f3s-gradua\u00e7\u00e3o<\/a>;<\/li>\n\n\n\n<li><a href=\"https:\/\/profartes.eba.ufmg.br\/wp-content\/uploads\/2020\/08\/Guia-de-expedicao-segunda-via-diploma.pdf\" target=\"_blank\" rel=\"noreferrer noopener\">Guia de expedi\u00e7\u00e3o segunda via de diploma (GRU)<\/a>;<\/li>\n\n\n\n<li><a href=\"https:\/\/profartes.eba.ufmg.br\/wp-content\/uploads\/2020\/08\/Formulario_troca_de_orientador.pdf\" target=\"_blank\" rel=\"noreferrer noopener\">Solicita\u00e7\u00e3o de troca de orientador<\/a>;<\/li>\n\n\n\n<li><a href=\"https:\/\/profartes.eba.ufmg.br\/wp-content\/uploads\/2020\/08\/Dados_membros_externos__Bancas_.pdf\" target=\"_blank\" rel=\"noreferrer noopener\">Ficha de membros externos nas banca<\/a>s;<\/li>\n\n\n\n<li><a href=\"https:\/\/profartes.eba.ufmg.br\/wp-content\/uploads\/2020\/08\/Termo_de_compromisso_pendencia_proficiencia.pdf\" target=\"_blank\" rel=\"noreferrer noopener\">Termo de compromisso pend\u00eancia profici\u00eancia<\/a>;<\/li>\n\n\n\n<li><a href=\"https:\/\/profartes.eba.ufmg.br\/wp-content\/uploads\/2020\/08\/Microsoft-Word-form-14_ISOLADA.doc.pdf\" target=\"_blank\" rel=\"noreferrer noopener\">Requerimento de matr\u00edcula em atividade isolada<\/a>;<\/li>\n\n\n\n<li><a href=\"https:\/\/profartes.eba.ufmg.br\/wp-content\/uploads\/2020\/08\/Requerimento-avalia\u00e7\u00e3o-m\u00e9dica-form-4_Inspe_347_343o-M_311DICA.doc.pdf\" target=\"_blank\" rel=\"noreferrer noopener\">Requerimento de avalia\u00e7\u00e3o m\u00e9dica<\/a>;<\/li>\n\n\n\n<li><a href=\"https:\/\/profartes.eba.ufmg.br\/wp-content\/uploads\/2020\/08\/Microsoft-Word-form-12A_Disc-ELETIVA-SPG.DOC.pdf\" target=\"_blank\" rel=\"noreferrer noopener\">Requerimento em atividade acad\u00eamica eletiva<\/a>;<\/li>\n\n\n\n<li><a href=\"https:\/\/profartes.eba.ufmg.br\/wp-content\/uploads\/2020\/08\/Microsoft-Word-form-7_Aprov-ESTUDOS.doc.pdf\" target=\"_blank\" rel=\"noreferrer noopener\">Requerimento de aproveitamento de estudos<\/a>;<\/li>\n\n\n\n<li><a href=\"https:\/\/profartes.eba.ufmg.br\/wp-content\/uploads\/2020\/08\/Microsoft-Word-form-3_Regime-ESP.doc.pdf\" target=\"_blank\" rel=\"noreferrer noopener\">Requerimento regime especial<\/a>;\u00a0<\/li>\n<\/ul>\n","protected":false},"excerpt":{"rendered":"","protected":false},"author":1,"featured_media":0,"parent":0,"menu_order":0,"comment_status":"closed","ping_status":"closed","template":"","meta":{"_uag_custom_page_level_css":"","footnotes":""},"class_list":["post-1603","page","type-page","status-publish","hentry"],"uagb_featured_image_src":{"full":false,"thumbnail":false,"medium":false,"medium_large":false,"large":false,"1536x1536":false,"2048x2048":false,"post-thumbnail":false},"uagb_author_info":{"display_name":"ProfArtes","author_link":"https:\/\/profartes.eba.ufmg.br\/index.php\/author\/adminprofartes\/"},"uagb_comment_info":0,"uagb_excerpt":null,"_links":{"self":[{"href":"https:\/\/profartes.eba.ufmg.br\/index.php\/wp-json\/wp\/v2\/pages\/1603","targetHints":{"allow":["GET"]}}],"collection":[{"href":"https:\/\/profartes.eba.ufmg.br\/index.php\/wp-json\/wp\/v2\/pages"}],"about":[{"href":"https:\/\/profartes.eba.ufmg.br\/index.php\/wp-json\/wp\/v2\/types\/page"}],"author":[{"embeddable":true,"href":"https:\/\/profartes.eba.ufmg.br\/index.php\/wp-json\/wp\/v2\/users\/1"}],"replies":[{"embeddable":true,"href":"https:\/\/profartes.eba.ufmg.br\/index.php\/wp-json\/wp\/v2\/comments?post=1603"}],"version-history":[{"count":1,"href":"https:\/\/profartes.eba.ufmg.br\/index.php\/wp-json\/wp\/v2\/pages\/1603\/revisions"}],"predecessor-version":[{"id":1606,"href":"https:\/\/profartes.eba.ufmg.br\/index.php\/wp-json\/wp\/v2\/pages\/1603\/revisions\/1606"}],"wp:attachment":[{"href":"https:\/\/profartes.eba.ufmg.br\/index.php\/wp-json\/wp\/v2\/media?parent=1603"}],"curies":[{"name":"wp","href":"https:\/\/api.w.org\/{rel}","templated":true}]}}