{"id":143,"date":"2017-04-11T17:38:15","date_gmt":"2017-04-11T20:38:15","guid":{"rendered":"https:\/\/eba.ufmg.br\/pos\/profartes\/?page_id=143"},"modified":"2025-12-09T17:20:42","modified_gmt":"2025-12-09T20:20:42","slug":"horarios-e-ementas","status":"publish","type":"page","link":"https:\/\/profartes.eba.ufmg.br\/index.php\/sobre\/horarios-e-ementas\/","title":{"rendered":"Hor\u00e1rios das disciplinas"},"content":{"rendered":"\n<p><\/p>\n\n\n\n<div class=\"wp-block-uagb-advanced-heading uagb-block-e7537ed1\"><h2 class=\"uagb-heading-text\">1\u00ba semestre de 2026<\/h2><\/div>\n\n\n\n<div data-wp-interactive=\"core\/file\" class=\"wp-block-file\"><object data-wp-bind--hidden=\"!state.hasPdfPreview\" hidden class=\"wp-block-file__embed\" data=\"https:\/\/profartes.eba.ufmg.br\/wp-content\/uploads\/2025\/12\/Calendario-de-matricula-_2026.1_PROFARTES-EBA-UFMG-_-05-12-2025.pdf\" type=\"application\/pdf\" style=\"width:100%;height:600px\" aria-label=\"Incorporado de Calendario-de-matricula _2026.1_PROFARTES- EBA- UFMG _ 05 12 2025.\"><\/object><a id=\"wp-block-file--media-637e515e-47ca-4069-af0a-455f9b252453\" href=\"https:\/\/profartes.eba.ufmg.br\/wp-content\/uploads\/2025\/12\/Calendario-de-matricula-_2026.1_PROFARTES-EBA-UFMG-_-05-12-2025.pdf\">Calendario-de-matricula _2026.1_PROFARTES- EBA- UFMG _ 05 12 2025<\/a><a href=\"https:\/\/profartes.eba.ufmg.br\/wp-content\/uploads\/2025\/12\/Calendario-de-matricula-_2026.1_PROFARTES-EBA-UFMG-_-05-12-2025.pdf\" class=\"wp-block-file__button wp-element-button\" download aria-describedby=\"wp-block-file--media-637e515e-47ca-4069-af0a-455f9b252453\">Baixar<\/a><\/div>\n\n\n\n<p><\/p>\n\n\n\n<div data-wp-interactive=\"core\/file\" class=\"wp-block-file\"><object data-wp-bind--hidden=\"!state.hasPdfPreview\" hidden class=\"wp-block-file__embed\" data=\"https:\/\/profartes.eba.ufmg.br\/wp-content\/uploads\/2025\/12\/Quadro-de-horarios-2026.1-ProfArtes-EBA-UFMG-_-em-04-12-2025.pdf\" type=\"application\/pdf\" style=\"width:100%;height:600px\" aria-label=\"Incorporado de Quadro-de-horarios-2026.1-ProfArtes-EBA-UFMG _ em 04 12 2025.\"><\/object><a id=\"wp-block-file--media-d738d8eb-01b6-4916-b1b6-8e8603f76670\" href=\"https:\/\/profartes.eba.ufmg.br\/wp-content\/uploads\/2025\/12\/Quadro-de-horarios-2026.1-ProfArtes-EBA-UFMG-_-em-04-12-2025.pdf\">Quadro-de-horarios-2026.1-ProfArtes-EBA-UFMG _ em 04 12 2025<\/a><a href=\"https:\/\/profartes.eba.ufmg.br\/wp-content\/uploads\/2025\/12\/Quadro-de-horarios-2026.1-ProfArtes-EBA-UFMG-_-em-04-12-2025.pdf\" class=\"wp-block-file__button wp-element-button\" download aria-describedby=\"wp-block-file--media-d738d8eb-01b6-4916-b1b6-8e8603f76670\">Baixar<\/a><\/div>\n\n\n\n<p><\/p>\n\n\n\n<div data-wp-interactive=\"core\/file\" class=\"wp-block-file\"><object data-wp-bind--hidden=\"!state.hasPdfPreview\" hidden class=\"wp-block-file__embed\" data=\"https:\/\/profartes.eba.ufmg.br\/wp-content\/uploads\/2025\/12\/Plano-e-ensino-_-Disciplina-_-A-experiencia-artistica-e-a-pratica-de-ensino-de-artes-nas-escola-_-2026-1.pdf\" type=\"application\/pdf\" style=\"width:100%;height:600px\" aria-label=\"Incorporado de Plano e ensino _ Disciplina _ A experi\u00eancia art\u00edstica e a pr\u00e1tica de ensino de artes nas escola _ 2026-1.\"><\/object><a id=\"wp-block-file--media-2276c2df-11bc-4d09-a4c3-391ec61d8d33\" href=\"https:\/\/profartes.eba.ufmg.br\/wp-content\/uploads\/2025\/12\/Plano-e-ensino-_-Disciplina-_-A-experiencia-artistica-e-a-pratica-de-ensino-de-artes-nas-escola-_-2026-1.pdf\">Plano e ensino _ Disciplina _ A experi\u00eancia art\u00edstica e a pr\u00e1tica de ensino de artes nas escola _ 2026-1<\/a><a href=\"https:\/\/profartes.eba.ufmg.br\/wp-content\/uploads\/2025\/12\/Plano-e-ensino-_-Disciplina-_-A-experiencia-artistica-e-a-pratica-de-ensino-de-artes-nas-escola-_-2026-1.pdf\" class=\"wp-block-file__button wp-element-button\" download aria-describedby=\"wp-block-file--media-2276c2df-11bc-4d09-a4c3-391ec61d8d33\">Baixar<\/a><\/div>\n\n\n\n<p><\/p>\n\n\n\n<div data-wp-interactive=\"core\/file\" class=\"wp-block-file\"><object data-wp-bind--hidden=\"!state.hasPdfPreview\" hidden class=\"wp-block-file__embed\" data=\"https:\/\/profartes.eba.ufmg.br\/wp-content\/uploads\/2025\/12\/Plano-de-ensino-_-Disciplina_-Topicos-Especiais-em-Artes-II-Registros-de-producao-academica-_-2026-1.pdf\" type=\"application\/pdf\" style=\"width:100%;height:600px\" aria-label=\"Incorporado de Plano de ensino _ Disciplina_ T\u00f3picos Especiais em Artes II Registros de produ\u00e7\u00e3o academica _ 2026-1.\"><\/object><a id=\"wp-block-file--media-4a65ea90-4756-479c-81c9-15ea522408ce\" href=\"https:\/\/profartes.eba.ufmg.br\/wp-content\/uploads\/2025\/12\/Plano-de-ensino-_-Disciplina_-Topicos-Especiais-em-Artes-II-Registros-de-producao-academica-_-2026-1.pdf\">Plano de ensino _ Disciplina_ T\u00f3picos Especiais em Artes II Registros de produ\u00e7\u00e3o academica _ 2026-1<\/a><a href=\"https:\/\/profartes.eba.ufmg.br\/wp-content\/uploads\/2025\/12\/Plano-de-ensino-_-Disciplina_-Topicos-Especiais-em-Artes-II-Registros-de-producao-academica-_-2026-1.pdf\" class=\"wp-block-file__button wp-element-button\" download aria-describedby=\"wp-block-file--media-4a65ea90-4756-479c-81c9-15ea522408ce\">Baixar<\/a><\/div>\n\n\n\n<p><\/p>\n\n\n\n<div data-wp-interactive=\"core\/file\" class=\"wp-block-file\"><object data-wp-bind--hidden=\"!state.hasPdfPreview\" hidden class=\"wp-block-file__embed\" data=\"https:\/\/profartes.eba.ufmg.br\/wp-content\/uploads\/2025\/12\/Plano-de-ensino_-Disciplina_-Metodologias-de-pesquisa_-2026-1.pdf\" type=\"application\/pdf\" style=\"width:100%;height:600px\" aria-label=\"Incorporado de Plano de ensino_ Disciplina_ Metodologias de pesquisa_ 2026-1.\"><\/object><a id=\"wp-block-file--media-c5becfc5-42f5-465b-809f-d7b7aba5a66a\" href=\"https:\/\/profartes.eba.ufmg.br\/wp-content\/uploads\/2025\/12\/Plano-de-ensino_-Disciplina_-Metodologias-de-pesquisa_-2026-1.pdf\">Plano de ensino_ Disciplina_ Metodologias de pesquisa_ 2026-1<\/a><a href=\"https:\/\/profartes.eba.ufmg.br\/wp-content\/uploads\/2025\/12\/Plano-de-ensino_-Disciplina_-Metodologias-de-pesquisa_-2026-1.pdf\" class=\"wp-block-file__button wp-element-button\" download aria-describedby=\"wp-block-file--media-c5becfc5-42f5-465b-809f-d7b7aba5a66a\">Baixar<\/a><\/div>\n\n\n\n<p><\/p>\n\n\n\n<p><a rel=\"noreferrer noopener\" href=\"https:\/\/profartes.eba.ufmg.br\/wp-content\/uploads\/2022\/02\/Quadro-de-horarios-2022.1-Prof-Artes-EBA-UFMG.pdf\" target=\"_blank\">Quadro de hor\u00e1rio 2022.1<\/a><\/p>\n\n\n\n<p><a href=\"https:\/\/profartes.eba.ufmg.br\/wp-content\/uploads\/2022\/02\/Calendario-de-matricula-Prof-Artes-EBA-UFMG-2022-1-em-02-02-2022.pdf\" data-type=\"URL\" data-id=\"https:\/\/profartes.eba.ufmg.br\/wp-content\/uploads\/2022\/02\/Calendario-de-matricula-Prof-Artes-EBA-UFMG-2022-1-em-02-02-2022.pdf\" target=\"_blank\" rel=\"noreferrer noopener\">Calend\u00e1rio de matr\u00edcula 2022.1<\/a><\/p>\n\n\n\n<div class=\"wp-block-uagb-separator uagb-block-065b46ad\"><div class=\"wp-block-uagb-separator__inner\" style=\"--my-background-image:\"><\/div><\/div>\n\n\n\n<p><strong>2025 \/ 2 &#8211;<\/strong> Disciplina APL813A &#8211; Fundamentos te\u00f3ricos da arte na educa\u00e7\u00e3o<\/p>\n\n\n\n<div data-wp-interactive=\"core\/file\" class=\"wp-block-file\"><object data-wp-bind--hidden=\"!state.hasPdfPreview\" hidden class=\"wp-block-file__embed\" data=\"https:\/\/profartes.eba.ufmg.br\/wp-content\/uploads\/2025\/10\/01-08out2025-Disciplina-APL813A-Fundamentos-teoricos-da-arte-na-educacao-Tiago-Cruvinel-responsavel-Geraldo-Loyola.pdf\" type=\"application\/pdf\" style=\"width:100%;height:270px\" aria-label=\"Incorporado de Disciplina APL813A Fundamentos teoricos da arte na educa\u00e7ao - Tiago Cruvinel - responsavel Geraldo Loyola.\"><\/object><a id=\"wp-block-file--media-d578fcca-ab09-424d-8bac-950b629bb325\" href=\"https:\/\/profartes.eba.ufmg.br\/wp-content\/uploads\/2025\/10\/01-08out2025-Disciplina-APL813A-Fundamentos-teoricos-da-arte-na-educacao-Tiago-Cruvinel-responsavel-Geraldo-Loyola.pdf\">Disciplina APL813A Fundamentos teoricos da arte na educa\u00e7ao &#8211; Tiago Cruvinel &#8211; responsavel Geraldo Loyola<\/a><a href=\"https:\/\/profartes.eba.ufmg.br\/wp-content\/uploads\/2025\/10\/01-08out2025-Disciplina-APL813A-Fundamentos-teoricos-da-arte-na-educacao-Tiago-Cruvinel-responsavel-Geraldo-Loyola.pdf\" class=\"wp-block-file__button wp-element-button\" download aria-describedby=\"wp-block-file--media-d578fcca-ab09-424d-8bac-950b629bb325\">Baixar<\/a><\/div>\n\n\n\n<div class=\"wp-block-uagb-separator uagb-block-b8b80184\"><div class=\"wp-block-uagb-separator__inner\" style=\"--my-background-image:\"><\/div><\/div>\n\n\n\n<p><strong>2025 \/ 2<\/strong> &#8211; Plano de ensino disciplina FTC 824A &#8211; Po\u00e9ticas e Processos da cria\u00e7\u00e3o em Artes _ Profa Rita Gusm\u00e3o <em>2025-2<\/em> Profartes<\/p>\n\n\n\n<div data-wp-interactive=\"core\/file\" class=\"wp-block-file\"><object data-wp-bind--hidden=\"!state.hasPdfPreview\" hidden class=\"wp-block-file__embed\" data=\"https:\/\/profartes.eba.ufmg.br\/wp-content\/uploads\/2025\/10\/02-08out-2025-Plano-de-ensino-_-disciplina-FTC-824-A-Poeticas-e-Processos-da-criacao-em-rtes-_-Profa-Rita-Gusmao-_2025-2-_-Profartes.pdf\" type=\"application\/pdf\" style=\"width:100%;height:200px\" aria-label=\"Incorporado de 02-08out-2025-Plano de ensino _ disciplina FTC 824 A -Poeticas e Processos da cria\u00e7ao em rtes _ Profa Rita Gusmao _2025-2 _ Profartes.\"><\/object><a id=\"wp-block-file--media-b6948925-bd58-4739-aec6-850e03fe04fe\" href=\"https:\/\/profartes.eba.ufmg.br\/wp-content\/uploads\/2025\/10\/02-08out-2025-Plano-de-ensino-_-disciplina-FTC-824-A-Poeticas-e-Processos-da-criacao-em-rtes-_-Profa-Rita-Gusmao-_2025-2-_-Profartes.pdf\">02-08out-2025-Plano de ensino _ disciplina FTC 824 A -Poeticas e Processos da cria\u00e7ao em rtes _ Profa Rita Gusmao _2025-2 _ Profartes<\/a><a href=\"https:\/\/profartes.eba.ufmg.br\/wp-content\/uploads\/2025\/10\/02-08out-2025-Plano-de-ensino-_-disciplina-FTC-824-A-Poeticas-e-Processos-da-criacao-em-rtes-_-Profa-Rita-Gusmao-_2025-2-_-Profartes.pdf\" class=\"wp-block-file__button wp-element-button\" download aria-describedby=\"wp-block-file--media-b6948925-bd58-4739-aec6-850e03fe04fe\">Baixar<\/a><\/div>\n\n\n\n<div class=\"wp-block-uagb-separator uagb-block-5a827eb8\"><div class=\"wp-block-uagb-separator__inner\" style=\"--my-background-image:\"><\/div><\/div>\n\n\n\n<p><strong>2025 \/ 2 &#8211; <\/strong>Plano de Ensino_ EBA8181A &#8211; T\u00f3picos Especiais em Ensino de Artes III Ateli\u00eas_ Biogr\u00e1ficos e Ecobiografia narrativas de vida no antropoceno &#8211; Profa. Rosvita Kolb_ 2025-2_Profartes<\/p>\n\n\n\n<div data-wp-interactive=\"core\/file\" class=\"wp-block-file\"><object data-wp-bind--hidden=\"!state.hasPdfPreview\" hidden class=\"wp-block-file__embed\" data=\"https:\/\/profartes.eba.ufmg.br\/wp-content\/uploads\/2025\/10\/03-08out-2025-Plano-de-Ensino_-EBA8181A-Topicos-Especiais-em-Ensino-de-Artes-III-Atelis_-Biograficos-e-Ecobiografia-narrativas-de-vida-no-antropoceno__-Profa.-Rosvita-Kolb_-2025-2_Profartes.pdf\" type=\"application\/pdf\" style=\"width:100%;height:200px\" aria-label=\"Incorporado de 03-08out-2025-Plano de Ensino_ EBA8181A Topicos Especiais em Ensino de Artes III Atelis_ Biograficos e Ecobiografia narrativas de vida no antropoceno__ Profa. Rosvita Kolb_ 2025-2_Profartes.\"><\/object><a id=\"wp-block-file--media-95f47c81-a61d-4839-bfaa-ab937d4cac34\" href=\"https:\/\/profartes.eba.ufmg.br\/wp-content\/uploads\/2025\/10\/03-08out-2025-Plano-de-Ensino_-EBA8181A-Topicos-Especiais-em-Ensino-de-Artes-III-Atelis_-Biograficos-e-Ecobiografia-narrativas-de-vida-no-antropoceno__-Profa.-Rosvita-Kolb_-2025-2_Profartes.pdf\">03-08out-2025-Plano de Ensino_ EBA8181A Topicos Especiais em Ensino de Artes III Atelis_ Biograficos e Ecobiografia narrativas de vida no antropoceno__ Profa. Rosvita Kolb_ 2025-2_Profartes<\/a><a href=\"https:\/\/profartes.eba.ufmg.br\/wp-content\/uploads\/2025\/10\/03-08out-2025-Plano-de-Ensino_-EBA8181A-Topicos-Especiais-em-Ensino-de-Artes-III-Atelis_-Biograficos-e-Ecobiografia-narrativas-de-vida-no-antropoceno__-Profa.-Rosvita-Kolb_-2025-2_Profartes.pdf\" class=\"wp-block-file__button wp-element-button\" download aria-describedby=\"wp-block-file--media-95f47c81-a61d-4839-bfaa-ab937d4cac34\">Baixar<\/a><\/div>\n\n\n\n<div class=\"wp-block-uagb-separator uagb-block-32567b99\"><div class=\"wp-block-uagb-separator__inner\" style=\"--my-background-image:\"><\/div><\/div>\n\n\n\n<p><strong>2025 \/ 2 &#8211;<\/strong> Quadro de hor\u00e1rios &#8211; salas de aula &#8211; PROFARTES _ EBA _ UFMG 2025-2_ 10 06_ 2025<\/p>\n\n\n\n<div data-wp-interactive=\"core\/file\" class=\"wp-block-file\"><object data-wp-bind--hidden=\"!state.hasPdfPreview\" hidden class=\"wp-block-file__embed\" data=\"https:\/\/profartes.eba.ufmg.br\/wp-content\/uploads\/2025\/10\/04-08out-2025-Quadro-de-horarios-salas-de-aula-PROFARTES-_-EBA-_-UFMG-2025-2_-10-06_-2025.pdf\" type=\"application\/pdf\" style=\"width:100%;height:240px\" aria-label=\"Incorporado de 04-08out-2025-Quadro de horarios - salas de aula - PROFARTES _ EBA _ UFMG 2025-2_ 10 06_ 2025.\"><\/object><a id=\"wp-block-file--media-a9e9c715-d6b4-449c-86de-d43480bf1b8f\" href=\"https:\/\/profartes.eba.ufmg.br\/wp-content\/uploads\/2025\/10\/04-08out-2025-Quadro-de-horarios-salas-de-aula-PROFARTES-_-EBA-_-UFMG-2025-2_-10-06_-2025.pdf\">04-08out-2025-Quadro de horarios &#8211; salas de aula &#8211; PROFARTES _ EBA _ UFMG 2025-2_ 10 06_ 2025<\/a><a href=\"https:\/\/profartes.eba.ufmg.br\/wp-content\/uploads\/2025\/10\/04-08out-2025-Quadro-de-horarios-salas-de-aula-PROFARTES-_-EBA-_-UFMG-2025-2_-10-06_-2025.pdf\" class=\"wp-block-file__button wp-element-button\" download aria-describedby=\"wp-block-file--media-a9e9c715-d6b4-449c-86de-d43480bf1b8f\">Baixar<\/a><\/div>\n","protected":false},"excerpt":{"rendered":"<p>1\u00ba semestre de 2026 Quadro de hor\u00e1rio 2022.1 Calend\u00e1rio de matr\u00edcula 2022.1 2025 \/ 2 &#8211; Disciplina APL813A &#8211; Fundamentos te\u00f3ricos da arte na educa\u00e7\u00e3o 2025 \/ 2 &#8211; Plano de ensino disciplina FTC 824A &#8211; Po\u00e9ticas e Processos da cria\u00e7\u00e3o em Artes _ Profa Rita Gusm\u00e3o 2025-2 Profartes 2025 \/ 2 &#8211; Plano de &hellip; <a href=\"https:\/\/profartes.eba.ufmg.br\/index.php\/sobre\/horarios-e-ementas\/\" class=\"more-link\">Continuar lendo <span class=\"screen-reader-text\">Hor\u00e1rios das disciplinas<\/span><\/a><\/p>\n","protected":false},"author":1,"featured_media":0,"parent":20,"menu_order":0,"comment_status":"closed","ping_status":"closed","template":"","meta":{"_uag_custom_page_level_css":"","footnotes":""},"class_list":["post-143","page","type-page","status-publish","hentry"],"uagb_featured_image_src":{"full":false,"thumbnail":false,"medium":false,"medium_large":false,"large":false,"1536x1536":false,"2048x2048":false,"post-thumbnail":false},"uagb_author_info":{"display_name":"ProfArtes","author_link":"https:\/\/profartes.eba.ufmg.br\/index.php\/author\/adminprofartes\/"},"uagb_comment_info":0,"uagb_excerpt":"1\u00ba semestre de 2026 Quadro de hor\u00e1rio 2022.1 Calend\u00e1rio de matr\u00edcula 2022.1 2025 \/ 2 &#8211; Disciplina APL813A &#8211; Fundamentos te\u00f3ricos da arte na educa\u00e7\u00e3o 2025 \/ 2 &#8211; Plano de ensino disciplina FTC 824A &#8211; Po\u00e9ticas e Processos da cria\u00e7\u00e3o em Artes _ Profa Rita Gusm\u00e3o 2025-2 Profartes 2025 \/ 2 &#8211; Plano de&hellip;","_links":{"self":[{"href":"https:\/\/profartes.eba.ufmg.br\/index.php\/wp-json\/wp\/v2\/pages\/143","targetHints":{"allow":["GET"]}}],"collection":[{"href":"https:\/\/profartes.eba.ufmg.br\/index.php\/wp-json\/wp\/v2\/pages"}],"about":[{"href":"https:\/\/profartes.eba.ufmg.br\/index.php\/wp-json\/wp\/v2\/types\/page"}],"author":[{"embeddable":true,"href":"https:\/\/profartes.eba.ufmg.br\/index.php\/wp-json\/wp\/v2\/users\/1"}],"replies":[{"embeddable":true,"href":"https:\/\/profartes.eba.ufmg.br\/index.php\/wp-json\/wp\/v2\/comments?post=143"}],"version-history":[{"count":19,"href":"https:\/\/profartes.eba.ufmg.br\/index.php\/wp-json\/wp\/v2\/pages\/143\/revisions"}],"predecessor-version":[{"id":1765,"href":"https:\/\/profartes.eba.ufmg.br\/index.php\/wp-json\/wp\/v2\/pages\/143\/revisions\/1765"}],"up":[{"embeddable":true,"href":"https:\/\/profartes.eba.ufmg.br\/index.php\/wp-json\/wp\/v2\/pages\/20"}],"wp:attachment":[{"href":"https:\/\/profartes.eba.ufmg.br\/index.php\/wp-json\/wp\/v2\/media?parent=143"}],"curies":[{"name":"wp","href":"https:\/\/api.w.org\/{rel}","templated":true}]}}