{"id":1063,"date":"2022-07-11T11:27:28","date_gmt":"2022-07-11T14:27:28","guid":{"rendered":"https:\/\/eba.ufmg.br\/pos\/profartes\/?page_id=1063"},"modified":"2026-01-22T15:15:01","modified_gmt":"2026-01-22T18:15:01","slug":"docentes-2","status":"publish","type":"page","link":"https:\/\/profartes.eba.ufmg.br\/index.php\/docentes-2\/","title":{"rendered":"Corpo Docente"},"content":{"rendered":"\n<div class=\"wp-block-columns is-layout-flex wp-container-core-columns-is-layout-9d6595d7 wp-block-columns-is-layout-flex\">\n<div class=\"wp-block-column is-layout-flow wp-block-column-is-layout-flow\" style=\"flex-basis:100%\">\n<ul>\n<li><strong>Abordagens te\u00f3rico-metodol\u00f3gicas das pr\u00e1ticas docentes<\/strong><\/li>\n<\/ul>\n<p><a href=\"http:\/\/buscatextual.cnpq.br\/buscatextual\/visualizacv.do?id=K4735093Z1\" target=\"_blank\" rel=\"noopener noreferrer\">Fabr\u00edcio Andrade Pereira<\/a> \u00b7 Mestrado Colaborador<\/p>\n<p><a href=\"http:\/\/buscatextual.cnpq.br\/buscatextual\/visualizacv.do?id=K4759458P9\" target=\"_blank\" rel=\"noopener noreferrer\">Gustavo Pereira C\u00f4rtes<\/a> \u00b7 Mestrado Permanente<\/p>\n<p><a href=\"http:\/\/buscatextual.cnpq.br\/buscatextual\/visualizacv.do?id=K4791250H5\" target=\"_blank\" rel=\"noopener noreferrer\">Maurilio Andrade Rocha<\/a>\u00a0\u00b7 Mestrado Permanente<\/p>\n<p><a href=\"http:\/\/buscatextual.cnpq.br\/buscatextual\/visualizacv.do?id=K4130907Y6\" target=\"_blank\" rel=\"noopener noreferrer\">Rosvita Kolb Bernardes<\/a>\u00a0\u00b7 Mestrado Permanente<\/p>\n<ul>\n<li><strong>Processos de ensino, aprendizagem e cria\u00e7\u00e3o em artes\u00a0<\/strong><\/li>\n<\/ul>\n<p><a href=\"http:\/\/lattes.cnpq.br\/4577965193482567\" target=\"_blank\" rel=\"noopener\">Camila Rodrigues Moreira Cruz<\/a> \u00b7 Mestrado Permanente<\/p>\n<p><a href=\"http:\/\/lattes.cnpq.br\/8683034218224159\" target=\"_blank\" rel=\"noopener noreferrer\">Gabriela C\u00f3rdova Christ\u00f3faro<\/a> \u00b7 Mestrado Permanente<\/p>\n<p><a href=\"http:\/\/lattes.cnpq.br\/6419982866847172\" target=\"_blank\" rel=\"noopener noreferrer\">Geraldo Freire Loyola<\/a>\u00a0 \u00b7 Mestrado Permanente<\/p>\n<p><a href=\"http:\/\/buscatextual.cnpq.br\/buscatextual\/visualizacv.do?id=K4783232Z8\" target=\"_blank\" rel=\"noopener noreferrer\">Lucia Gouv\u00eaa Pimentel<\/a> \u00b7 Mestrado Permanente<\/p>\n<p><a href=\"http:\/\/buscatextual.cnpq.br\/buscatextual\/visualizacv.do?id=K4782521P6\" target=\"_blank\" rel=\"noopener noreferrer\">Rita de Cassia Santos Buarque de Gusmao<\/a> \u00b7 Mestrado Permanente\u00a0<\/p>\n<p><a href=\"http:\/\/lattes.cnpq.br\/1147264803853400\" target=\"_blank\" rel=\"noopener noreferrer\">Tiago de Brito Cruvinel<\/a> \u00b7 Mestrado Permanente<\/p>\n<p style=\"padding-left: 30px;\">\u00a0<\/p>\n<\/div>\n<\/div>\n\n\n\n<p>1) Camila Rodrigues Moreira Cruz &#8211; <a href=\"mailto:camilarmcruz@hotmail.com\">camilarmcruz@hotmail.com<\/a> <\/p>\n\n\n\n<p>2) Fabricio Andrade Pereira &#8211; <a href=\"mailto:andrade11@yahoo.com.br\">andrade11@yahoo.com.br<\/a><\/p>\n\n\n\n<p>3) Gabriela C\u00f3rdova Christ\u00f3faro &#8211; <a href=\"mailto:gabrielachristofaro1972@gmail.com\">gabrielachristofaro1972@gmail.com<\/a> <\/p>\n\n\n\n<p>4) Geraldo Freire Loyola &#8211; &nbsp;<a href=\"mailto:geraldoloyola@ufmg.br\">geraldoloyola@ufmg.br<\/a>  <\/p>\n\n\n\n<p>5) Gustavo Pereira Cort\u00eas &nbsp;&#8211; &nbsp;<a href=\"mailto:gustavocortesufmg@gmail.com\">gustavocortesufmg@gmail.com<\/a><\/p>\n\n\n\n<p>6) Lucia Gouv\u00eaa Pimentel &#8211; &nbsp;<a href=\"mailto:luciagpi@ufmg.br\">luciagpi@ufmg.br<\/a><\/p>\n\n\n\n<p>7) Maurilio Andrade Rocha &#8211; &nbsp;<a href=\"mailto:rochama@ufmg.br\">rochama@ufmg.br<\/a><\/p>\n\n\n\n<p>8) Rita de C\u00e1ssia Santos Buarque de Gusm\u00e3o &#8211; <a href=\"mailto:rgusmao@ufmg.br\">rgusmao@ufmg.br<\/a><\/p>\n\n\n\n<p>9) Rosvita Kolb Bernardes &#8211;  &nbsp;<a href=\"mailto:rosvitakolb@gmail.com\">rosvitakolb@gmail.com<\/a><\/p>\n\n\n\n<p>10) Tiago Cruvinel &#8211; <a href=\"mailto:tiagocruvinel@yahoo.com.br\">tiagocruvinel@yahoo.com.br<\/a><\/p>\n\n\n\n<p><\/p>\n","protected":false},"excerpt":{"rendered":"<p>Abordagens te\u00f3rico-metodol\u00f3gicas das pr\u00e1ticas docentes Fabr\u00edcio Andrade Pereira \u00b7 Mestrado Colaborador Gustavo Pereira C\u00f4rtes \u00b7 Mestrado Permanente Maurilio Andrade Rocha\u00a0\u00b7 Mestrado Permanente Rosvita Kolb Bernardes\u00a0\u00b7 Mestrado Permanente Processos de ensino, aprendizagem e cria\u00e7\u00e3o em artes\u00a0 Camila Rodrigues Moreira Cruz \u00b7 Mestrado Permanente Gabriela C\u00f3rdova Christ\u00f3faro \u00b7 Mestrado Permanente Geraldo Freire Loyola\u00a0 \u00b7 Mestrado Permanente Lucia &hellip; <a href=\"https:\/\/profartes.eba.ufmg.br\/index.php\/docentes-2\/\" class=\"more-link\">Continuar lendo <span class=\"screen-reader-text\">Corpo Docente<\/span><\/a><\/p>\n","protected":false},"author":3,"featured_media":0,"parent":0,"menu_order":0,"comment_status":"closed","ping_status":"closed","template":"","meta":{"_uag_custom_page_level_css":"","footnotes":""},"class_list":["post-1063","page","type-page","status-publish","hentry"],"uagb_featured_image_src":{"full":false,"thumbnail":false,"medium":false,"medium_large":false,"large":false,"1536x1536":false,"2048x2048":false,"post-thumbnail":false},"uagb_author_info":{"display_name":"","author_link":"https:\/\/profartes.eba.ufmg.br\/index.php\/author\/"},"uagb_comment_info":0,"uagb_excerpt":"Abordagens te\u00f3rico-metodol\u00f3gicas das pr\u00e1ticas docentes Fabr\u00edcio Andrade Pereira \u00b7 Mestrado Colaborador Gustavo Pereira C\u00f4rtes \u00b7 Mestrado Permanente Maurilio Andrade Rocha\u00a0\u00b7 Mestrado Permanente Rosvita Kolb Bernardes\u00a0\u00b7 Mestrado Permanente Processos de ensino, aprendizagem e cria\u00e7\u00e3o em artes\u00a0 Camila Rodrigues Moreira Cruz \u00b7 Mestrado Permanente Gabriela C\u00f3rdova Christ\u00f3faro \u00b7 Mestrado Permanente Geraldo Freire Loyola\u00a0 \u00b7 Mestrado Permanente Lucia&hellip;","_links":{"self":[{"href":"https:\/\/profartes.eba.ufmg.br\/index.php\/wp-json\/wp\/v2\/pages\/1063","targetHints":{"allow":["GET"]}}],"collection":[{"href":"https:\/\/profartes.eba.ufmg.br\/index.php\/wp-json\/wp\/v2\/pages"}],"about":[{"href":"https:\/\/profartes.eba.ufmg.br\/index.php\/wp-json\/wp\/v2\/types\/page"}],"author":[{"embeddable":true,"href":"https:\/\/profartes.eba.ufmg.br\/index.php\/wp-json\/wp\/v2\/users\/3"}],"replies":[{"embeddable":true,"href":"https:\/\/profartes.eba.ufmg.br\/index.php\/wp-json\/wp\/v2\/comments?post=1063"}],"version-history":[{"count":11,"href":"https:\/\/profartes.eba.ufmg.br\/index.php\/wp-json\/wp\/v2\/pages\/1063\/revisions"}],"predecessor-version":[{"id":1600,"href":"https:\/\/profartes.eba.ufmg.br\/index.php\/wp-json\/wp\/v2\/pages\/1063\/revisions\/1600"}],"wp:attachment":[{"href":"https:\/\/profartes.eba.ufmg.br\/index.php\/wp-json\/wp\/v2\/media?parent=1063"}],"curies":[{"name":"wp","href":"https:\/\/api.w.org\/{rel}","templated":true}]}}